{"id":36861,"date":"2015-06-02T01:08:05","date_gmt":"2015-06-01T23:08:05","guid":{"rendered":"http:\/\/www.voismagazine.it\/dp\/?page_id=36861"},"modified":"2015-06-02T03:56:48","modified_gmt":"2015-06-02T01:56:48","slug":"cookie-policy","status":"publish","type":"page","link":"https:\/\/www.voismagazine.it\/dp\/cookie-policy\/","title":{"rendered":"Cookie policy"},"content":{"rendered":"<div id=\"voism-162542996\" class=\"voism-prima-del-contenuto voism-entity-placement\"><a href=\"https:\/\/amzn.to\/2Y0db7E\" aria-label=\"\"><\/a><\/div><p><strong>Cookie policy<\/strong><\/p>\n<p>Benvenuto su <strong>Voismagazine.it<\/strong><span style=\"line-height: 1.5;\">\u00a0ti invitiamo a leggere questa pagina attentamente.<\/span><\/p>\n<p>Questa politica illustra alcune regole di gestione del sito web di Voismagazine\u00a0<span style=\"line-height: 1.5;\">anche con riferimento all\u2019uso delle informazioni degli utenti.<\/span><\/p>\n<p>In particolare questa pagina spiega quali tipi di cookie utilizziamo sui nostri siti e in che modo li impieghiamo. Accettando questa Cookie Policy acconsenti all\u2019uso dei cookie in conformit\u00e0 a quanto descritto nella presente pagina. Se decidi di non accettarla ti invitiamo ad impostare il tuo browser di navigazione in modo appropriato oppure a non utilizzare il sito Voismagazine.it. Ti rammentiamo che la disattivazione di alcuni cookie pu\u00f2 influenzare la tua esperienza di navigazione.<\/p>\n<p><strong>COSA SONO I COOKIE<\/strong><br \/>\nUn \u201ccookie\u201d \u00e8 un piccolo file di testo creato da alcuni siti web sul computer dell\u2019utente al momento in cui questo accede a un determinato sito o utilizza determinati servizi offerti dal sito stesso. Lo scopo \u00e8 quello di immagazzinare e trasportare informazioni. I cookie sono inviati da un server web (che \u00e8 il computer sul quale \u00e8 in esecuzione il sito visitato) al browser dell\u2019utente (Internet Explorer, Mozilla Firefox, Google Chrome, ecc.) e memorizzati sul computer di quest\u2019ultimo.<br \/>\nIn generale i cookie possono avere differenti caratteristiche che permettono di distinguerli in base alla durata della permanenza sul dispositivo dell\u2019utente e alla provenienza.<\/p>\n<p><strong>Durata della permanenza<\/strong><br \/>\nCookie temporanei o di sessione<br \/>\nNon sono memorizzati in modo persistente ma solo limitatamente al tempo di durata della sessione di navigazione. Ci\u00f2 significa che sono cancellati dal dispositivo dell\u2019utente una volta che questo \u00e8 uscito dal sito internet e ha chiuso il browser di navigazione.<\/p>\n<p><span style=\"line-height: 1.5;\">Cookie permanenti<\/span><\/p>\n<p>Sono memorizzati sul dispositivo dell\u2019utente fino a quando non vengono cancellati o fino al raggiungimento della loro data di scadenza se impostata. Non sono quindi cancellati automaticamente dal dispositivo dell\u2019utente quando esce dal sito internet.<\/p>\n<p><strong>Provenienza<\/strong><br \/>\nCookie di prima parte<br \/>\nSono i cookie rilasciati dal sito web visitato al momento; il sito \u00e8 quello corrispondente all\u2019indirizzo digitato dall\u2019utente (sito web visualizzato nella finestra dell\u2019URL).<br \/>\nCookie di terze parti<br \/>\nSono i cookie rilasciati da un sito web diverso rispetto a quello visitato dall\u2019utente.<br \/>\nSe ti interessa saperne di pi\u00f9 sui cookie in generale visita la pagina www.allaboutcookies.org<\/p>\n<p><strong>A COSA SERVONO<\/strong><br \/>\nIn generale i cookie possono essere utilizzati per diverse ragioni, per esempio per misurare l\u2019utilizzo del sito da parte dei visitatori, migliorare la navigazione delle pagine, per consentire di impostare preferenze personali sui siti che si stanno visitando, per proteggere la sicurezza dell\u2019utente, per presentare messaggi pubblicitari in base agli interessi dei visitatori.<\/p>\n<p><strong>QUALI TIPI DI COOKIE USIAMO<\/strong><br \/>\nI cookie utilizzati dai nostri siti si possono classificare in base allo scopo perseguito come di seguito descritto:<\/p>\n<p><strong>Cookie strettamente necessari<\/strong><br \/>\nQuesti cookie sono essenziali per navigare il sito e utilizzarne alcune funzionalit\u00e0. Senza questi cookie alcuni servizi on line che l\u2019utente richiede (es. accesso alle aree protette, uso del carrello virtuale, ecc.) non possono essere forniti. Con questo tipo di cookie non raccogliamo informazioni personali degli utenti e quindi non possiamo identificarli. I cookie strettamente necessari possono essere di prima parte e permanenti.<br \/>\nPer i cookie strettamente necessari non deve essere fornito il consenso in quanto essi sono indispensabili per il funzionamento dei servizi espressamente richiesti dall\u2019utente.<br \/>\nAllo stato attuale i siti web Voismagazine non fanno mai uso di questa tipologia di cookie.<\/p>\n<p><strong>Cookie per le prestazioni<\/strong><br \/>\nQuesti cookie raccolgono informazioni anonime su come gli utenti interagiscono con i nostri siti, per esempio quali sono le pagine pi\u00f9 visitate, il tempo trascorso sul sito, eventuali messaggi di errore, ecc. I cookie per le prestazioni utilizzati nei siti Voismagazine raccolgono solo informazioni su base aggregata e in forma anonima, e sono impiegati per migliorare il funzionamento dei siti e l\u2019esperienza di navigazione dell\u2019utente. I cookie per le prestazioni utilizzati attraverso i nostri siti sono di terza parte e permanenti.<br \/>\nPer usare questi cookie \u00e8 necessario il consenso dell\u2019utente. In ogni pagina del nostro sito \u00e8 presente un collegamento alla nostra Cookie Policy. Continuando a utilizzare i siti web Voismagazine e le loro funzionalit\u00e0, ci autorizzi a inserire cookie per le prestazioni nel tuo dispositivo di navigazione.<br \/>\nPer sapere come eliminare o gestire i cookie per le prestazioni puoi consultare l\u2019ultima sezione della presente Cookie Policy.<\/p>\n<p><strong>Cookie per le funzionalit\u00e0<\/strong><br \/>\nQuesti cookie consentono al sito di ricordare le scelte che si fanno (come ad esempio preferenza della lingua, quali sono i contenuti di interesse, ecc.) e per fornire all\u2019utente le funzionalit\u00e0 personalizzate che ha selezionato, in modo da migliorare la sua esperienza di navigazione. In alcuni casi questi cookie possono essere utilizzati anche per offrire servizi on line (es. offerta di un servizio di chat dal vivo) o per evitare che siano offerti all\u2019utente servizi che ha rifiutato in passato. I cookie per le funzionalit\u00e0 utilizzati attraverso i nostri siti possono essere di prima o di terza parte, temporanei o permanenti.<br \/>\nQuesti cookie possono essere rilasciati sul dispositivo dell\u2019utente in modo del tutto anonimo.<br \/>\nPer usare questi cookie \u00e8 necessario il consenso dell\u2019utente. In ogni pagina del nostro sito \u00e8 presente un collegamento alla nostra Cookie Policy. Continuando a utilizzare i siti web Voismagazine e le loro funzionalit\u00e0, ci autorizzi a inserire i cookie per le funzionalit\u00e0 nel tuo dispositivo di navigazione.<br \/>\nPer sapere come eliminare o gestire i cookie per le prestazioni puoi consultare l\u2019ultima sezione della presente Cookie Policy.<\/p>\n<p><strong>Cookie promozionali o di targeting<\/strong><br \/>\nQuesti cookie vengono utilizzati per raccogliere informazioni sulle abitudini di navigazione dell\u2019utente al fine di offrire pubblicit\u00e0 rilevante in base alle preferenze e gli interessi dimostrati durante la navigazione. Essi sono utilizzati anche per limitare il numero di volte in cui viene visualizzata una pubblicit\u00e0 in modo da rendere la comunicazione pi\u00f9 efficace per il promotore e meno invasiva per l\u2019utente. Questi tipi di cookie possono essere di prima o di terza parte e sono di tipo permanente ma limitati nel tempo in quanto soggetti a scadenza reimpostata ( targeting ).<br \/>\nPer usare questi cookie \u00e8 necessario il consenso dell\u2019utente.<br \/>\nAllo stato attuale i siti web di Voismagazine fanno uso di questa tipologia di cookie di terze parti.<br \/>\nPer saperne di pi\u00f9 sulla pubblicit\u00e0 comportamentale e la privacy on line in generale, puoi visitare http:\/\/www.youronlinechoices.com<\/p>\n<p><strong>COME CONTROLLARE E CANCELLARE I COOKIE<\/strong><br \/>\nLa maggioranza dei browser internet sono inizialmente impostati per accettare i cookie in modo automatico. L\u2019utente ha la possibilit\u00e0, in ogni momento, di impostare il proprio browser in modo da accettare tutti i cookie, solo alcuni, oppure di rifiutarli, disabilitandone l\u2019uso da parte dei siti. L\u2019utente, inoltre, pu\u00f2 normalmente impostare le preferenze del proprio browser in modo tale da essere avvisato ogni volta che un cookie viene memorizzato nella memoria del suo computer.<br \/>\nAl termine di ogni sessione di navigazione, l\u2019utente pu\u00f2 cancellare dal proprio disco fisso i cookie raccolti.<br \/>\nSe si vogliono eliminare i cookie installati nella cartella dei cookie del browser utilizzato, occorre rammentare che ciascun browser presenta procedure diverse per la gestione delle impostazioni.<br \/>\nSelezionando i collegamenti sottostanti si possono ottenere istruzioni specifiche per alcuni dei principali browser.<\/p>\n<p><strong>Microsoft Windows Explorer<\/strong><br \/>\nhttp:\/\/windows.microsoft.com\/en-us\/windows-vista\/block-or-allow-cookies<\/p>\n<p><strong>Google Chrome<\/strong><br \/>\nhttps:\/\/support.google.com\/chrome\/bin\/answer.py?hl=en&#038;answer=95647&#038;p=cpn_cookies<\/p>\n<p><strong>Mozilla Firefox<\/strong><br \/>\nhttp:\/\/support.mozilla.org\/en-US\/kb\/Enabling%20and%20disabling%20cookies<\/p>\n<p><strong>Apple Safari<\/strong><br \/>\nhttp:\/\/support.apple.com\/kb\/HT1677?viewlocale=it_IT<\/p>\n<p><strong>Per ulteriori informazioni sulla politica della privacy contattateci su i<\/strong><\/p>\n<p><strong>Redazione@voismagazine.it<\/strong><\/p>\n<div id=\"voism-4243632629\" class=\"voism-fine voism-entity-placement\"><a href=\"https:\/\/amzn.to\/2Y0db7E\" aria-label=\"\"><\/a><\/div>","protected":false},"excerpt":{"rendered":"<p>Cookie policy Benvenuto su Voismagazine.it\u00a0ti invitiamo a leggere questa pagina attentamente. Questa politica illustra alcune regole di gestione del sito web di Voismagazine\u00a0anche con riferimento all\u2019uso delle informazioni degli utenti. In particolare questa pagina spiega quali tipi di cookie utilizziamo sui nostri siti e in che modo li impieghiamo. Accettando questa Cookie Policy acconsenti all\u2019uso &#8230;<\/p>\n","protected":false},"author":14,"featured_media":0,"parent":0,"menu_order":0,"comment_status":"open","ping_status":"open","template":"","meta":{"footnotes":""},"class_list":["post-36861","page","type-page","status-publish","hentry"],"aioseo_notices":[],"_links":{"self":[{"href":"https:\/\/www.voismagazine.it\/dp\/wp-json\/wp\/v2\/pages\/36861","targetHints":{"allow":["GET"]}}],"collection":[{"href":"https:\/\/www.voismagazine.it\/dp\/wp-json\/wp\/v2\/pages"}],"about":[{"href":"https:\/\/www.voismagazine.it\/dp\/wp-json\/wp\/v2\/types\/page"}],"author":[{"embeddable":true,"href":"https:\/\/www.voismagazine.it\/dp\/wp-json\/wp\/v2\/users\/14"}],"replies":[{"embeddable":true,"href":"https:\/\/www.voismagazine.it\/dp\/wp-json\/wp\/v2\/comments?post=36861"}],"version-history":[{"count":10,"href":"https:\/\/www.voismagazine.it\/dp\/wp-json\/wp\/v2\/pages\/36861\/revisions"}],"predecessor-version":[{"id":36871,"href":"https:\/\/www.voismagazine.it\/dp\/wp-json\/wp\/v2\/pages\/36861\/revisions\/36871"}],"wp:attachment":[{"href":"https:\/\/www.voismagazine.it\/dp\/wp-json\/wp\/v2\/media?parent=36861"}],"curies":[{"name":"wp","href":"https:\/\/api.w.org\/{rel}","templated":true}]}}